{"id":5243,"date":"2023-08-23T17:27:19","date_gmt":"2023-08-23T15:27:19","guid":{"rendered":"http:\/\/alquienvas-smart.com\/residus-intelligents\/"},"modified":"2024-10-25T15:52:13","modified_gmt":"2024-10-25T13:52:13","slug":"smart-waste","status":"publish","type":"page","link":"https:\/\/alquienvas-smart.com\/ca\/smart-waste\/","title":{"rendered":"Smart Waste"},"content":{"rendered":"\t\t<div data-elementor-type=\"wp-page\" data-elementor-id=\"5243\" class=\"elementor elementor-5243 elementor-4556\" data-elementor-post-type=\"page\">\n\t\t\t\t\t\t<section class=\"elementor-section elementor-top-section elementor-element elementor-element-09876ed elementor-section-boxed elementor-section-height-default elementor-section-height-default\" data-id=\"09876ed\" data-element_type=\"section\">\n\t\t\t\t\t\t<div class=\"elementor-container elementor-column-gap-default\">\n\t\t\t\t\t<div class=\"elementor-column elementor-col-33 elementor-top-column elementor-element elementor-element-2012f3a\" data-id=\"2012f3a\" data-element_type=\"column\">\n\t\t\t<div class=\"elementor-widget-wrap elementor-element-populated\">\n\t\t\t\t\t\t<div class=\"elementor-element elementor-element-22d00c3 elementor-cta--skin-classic elementor-animated-content elementor-bg-transform elementor-bg-transform-zoom-in elementor-widget elementor-widget-call-to-action\" data-id=\"22d00c3\" data-element_type=\"widget\" data-widget_type=\"call-to-action.default\">\n\t\t\t\t<div class=\"elementor-widget-container\">\n\t\t\t\t\t<a class=\"elementor-cta\" href=\"https:\/\/alquienvas-smart.com\/catalogo\/papeleras-contenedores-smart\/\">\n\t\t\t\t\t<div class=\"elementor-cta__bg-wrapper\">\n\t\t\t\t<div class=\"elementor-cta__bg elementor-bg\" style=\"background-image: url(https:\/\/alquienvas-smart.com\/wp-content\/uploads\/isla-ecologica-smrt-transp.webp);\" role=\"img\" aria-label=\"isla ecologica smrt transp\"><\/div>\n\t\t\t\t<div class=\"elementor-cta__bg-overlay\"><\/div>\n\t\t\t<\/div>\n\t\t\t\t\t\t\t<div class=\"elementor-cta__content\">\n\t\t\t\t\n\t\t\t\t\t\t\t\t\t<h2 class=\"elementor-cta__title elementor-cta__content-item elementor-content-item\">\n\t\t\t\t\t\tPapereres i Contenidors Smart\t\t\t\t\t<\/h2>\n\t\t\t\t\n\t\t\t\t\t\t\t\t\t<div class=\"elementor-cta__description elementor-cta__content-item elementor-content-item\">\n\t\t\t\t\t\t<p>Papereres amb premsa solar, Illes ecol\u00f2giques informatitzades, Contenidors amb obertura i tancament electr\u00f2nic<\/p>\n\t\t\t\t\t<\/div>\n\t\t\t\t\n\t\t\t\t\t\t\t\t\t<div class=\"elementor-cta__button-wrapper elementor-cta__content-item elementor-content-item \">\n\t\t\t\t\t<span class=\"elementor-cta__button elementor-button elementor-size-\">\n\t\t\t\t\t\tVeure productes\t\t\t\t\t<\/span>\n\t\t\t\t\t<\/div>\n\t\t\t\t\t\t\t<\/div>\n\t\t\t\t\t\t<\/a>\n\t\t\t\t<\/div>\n\t\t\t\t<\/div>\n\t\t\t\t\t<\/div>\n\t\t<\/div>\n\t\t\t\t<div class=\"elementor-column elementor-col-33 elementor-top-column elementor-element elementor-element-425e4c0\" data-id=\"425e4c0\" data-element_type=\"column\">\n\t\t\t<div class=\"elementor-widget-wrap elementor-element-populated\">\n\t\t\t\t\t\t<div class=\"elementor-element elementor-element-8752375 elementor-cta--skin-classic elementor-animated-content elementor-bg-transform elementor-bg-transform-zoom-in elementor-widget elementor-widget-call-to-action\" data-id=\"8752375\" data-element_type=\"widget\" data-widget_type=\"call-to-action.default\">\n\t\t\t\t<div class=\"elementor-widget-container\">\n\t\t\t\t\t<a class=\"elementor-cta\" href=\"https:\/\/alquienvas-smart.com\/catalogo\/sistemas-lectura\/\">\n\t\t\t\t\t<div class=\"elementor-cta__bg-wrapper\">\n\t\t\t\t<div class=\"elementor-cta__bg elementor-bg\" style=\"background-image: url(https:\/\/alquienvas-smart.com\/wp-content\/uploads\/1_1.png);\" role=\"img\" aria-label=\"1_1\"><\/div>\n\t\t\t\t<div class=\"elementor-cta__bg-overlay\"><\/div>\n\t\t\t<\/div>\n\t\t\t\t\t\t\t<div class=\"elementor-cta__content\">\n\t\t\t\t\n\t\t\t\t\t\t\t\t\t<h2 class=\"elementor-cta__title elementor-cta__content-item elementor-content-item\">\n\t\t\t\t\t\tSoftware i Sistemes de lectura amb identificaci\u00f3\t\t\t\t\t<\/h2>\n\t\t\t\t\n\t\t\t\t\t\t\t\t\t<div class=\"elementor-cta__description elementor-cta__content-item elementor-content-item\">\n\t\t\t\t\t\t<p>Tancaments electr\u00f2nics, Control volum\u00e8tric, Software, Sistemes d'identificaci\u00f3 i lectura dels contenidors<\/p>\n\t\t\t\t\t<\/div>\n\t\t\t\t\n\t\t\t\t\t\t\t\t\t<div class=\"elementor-cta__button-wrapper elementor-cta__content-item elementor-content-item \">\n\t\t\t\t\t<span class=\"elementor-cta__button elementor-button elementor-size-\">\n\t\t\t\t\t\tVeure productes\t\t\t\t\t<\/span>\n\t\t\t\t\t<\/div>\n\t\t\t\t\t\t\t<\/div>\n\t\t\t\t\t\t<\/a>\n\t\t\t\t<\/div>\n\t\t\t\t<\/div>\n\t\t\t\t\t<\/div>\n\t\t<\/div>\n\t\t\t\t<div class=\"elementor-column elementor-col-33 elementor-top-column elementor-element elementor-element-9ccdd47\" data-id=\"9ccdd47\" data-element_type=\"column\">\n\t\t\t<div class=\"elementor-widget-wrap elementor-element-populated\">\n\t\t\t\t\t\t<div class=\"elementor-element elementor-element-ce1b389 elementor-cta--skin-classic elementor-animated-content elementor-bg-transform elementor-bg-transform-zoom-in elementor-widget elementor-widget-call-to-action\" data-id=\"ce1b389\" data-element_type=\"widget\" data-widget_type=\"call-to-action.default\">\n\t\t\t\t<div class=\"elementor-widget-container\">\n\t\t\t\t\t<a class=\"elementor-cta\" href=\"https:\/\/alquienvas-smart.com\/catalogo\/expendedores-de-bolsas\/\">\n\t\t\t\t\t<div class=\"elementor-cta__bg-wrapper\">\n\t\t\t\t<div class=\"elementor-cta__bg elementor-bg\" style=\"background-image: url(https:\/\/alquienvas-smart.com\/wp-content\/uploads\/MA_X25a.jpg);\" role=\"img\" aria-label=\"MA_X25a\"><\/div>\n\t\t\t\t<div class=\"elementor-cta__bg-overlay\"><\/div>\n\t\t\t<\/div>\n\t\t\t\t\t\t\t<div class=\"elementor-cta__content\">\n\t\t\t\t\n\t\t\t\t\t\t\t\t\t<h2 class=\"elementor-cta__title elementor-cta__content-item elementor-content-item\">\n\t\t\t\t\t\tExpenedores de bosses\t\t\t\t\t<\/h2>\n\t\t\t\t\n\t\t\t\t\t\t\t\t\t<div class=\"elementor-cta__description elementor-cta__content-item elementor-content-item\">\n\t\t\t\t\t\t<p>Dispensadors de bosses equipats amb sistemes de lectura com targetes RFID o clauers amb control d'usuari<\/p>\n\t\t\t\t\t<\/div>\n\t\t\t\t\n\t\t\t\t\t\t\t\t\t<div class=\"elementor-cta__button-wrapper elementor-cta__content-item elementor-content-item \">\n\t\t\t\t\t<span class=\"elementor-cta__button elementor-button elementor-size-\">\n\t\t\t\t\t\tVeure productes\t\t\t\t\t<\/span>\n\t\t\t\t\t<\/div>\n\t\t\t\t\t\t\t<\/div>\n\t\t\t\t\t\t<\/a>\n\t\t\t\t<\/div>\n\t\t\t\t<\/div>\n\t\t\t\t\t<\/div>\n\t\t<\/div>\n\t\t\t\t\t<\/div>\n\t\t<\/section>\n\t\t\t\t<section class=\"elementor-section elementor-top-section elementor-element elementor-element-231180e elementor-section-boxed elementor-section-height-default elementor-section-height-default\" data-id=\"231180e\" data-element_type=\"section\">\n\t\t\t\t\t\t<div class=\"elementor-container elementor-column-gap-default\">\n\t\t\t\t\t<div class=\"elementor-column elementor-col-33 elementor-top-column elementor-element elementor-element-71ebf5a\" data-id=\"71ebf5a\" data-element_type=\"column\">\n\t\t\t<div class=\"elementor-widget-wrap elementor-element-populated\">\n\t\t\t\t\t\t<div class=\"elementor-element elementor-element-09a830b elementor-cta--skin-classic elementor-animated-content elementor-bg-transform elementor-bg-transform-zoom-in elementor-widget elementor-widget-call-to-action\" data-id=\"09a830b\" data-element_type=\"widget\" data-widget_type=\"call-to-action.default\">\n\t\t\t\t<div class=\"elementor-widget-container\">\n\t\t\t\t\t<a class=\"elementor-cta\" href=\"https:\/\/alquienvas.com\/cataleg\/grup\/24\" target=\"_blank\">\n\t\t\t\t\t<div class=\"elementor-cta__bg-wrapper\">\n\t\t\t\t<div class=\"elementor-cta__bg elementor-bg\" style=\"background-image: url(https:\/\/alquienvas-smart.com\/wp-content\/uploads\/Cubells-Alquienvas-1024x694.jpg);\" role=\"img\" aria-label=\"Cubells Alquienvas\"><\/div>\n\t\t\t\t<div class=\"elementor-cta__bg-overlay\"><\/div>\n\t\t\t<\/div>\n\t\t\t\t\t\t\t<div class=\"elementor-cta__content\">\n\t\t\t\t\n\t\t\t\t\t\t\t\t\t<h2 class=\"elementor-cta__title elementor-cta__content-item elementor-content-item\">\n\t\t\t\t\t\tProductes pel Porta a Porta\t\t\t\t\t<\/h2>\n\t\t\t\t\n\t\t\t\t\t\t\t\t\t<div class=\"elementor-cta__description elementor-cta__content-item elementor-content-item\">\n\t\t\t\t\t\t<p>Cubells i Contenidors amb xip, bosses amb identificaci\u00f3 per a la recollida selectiva Porta a Porta<\/p>\n\t\t\t\t\t<\/div>\n\t\t\t\t\n\t\t\t\t\t\t\t\t\t<div class=\"elementor-cta__button-wrapper elementor-cta__content-item elementor-content-item \">\n\t\t\t\t\t<span class=\"elementor-cta__button elementor-button elementor-size-\">\n\t\t\t\t\t\tVeure productes\t\t\t\t\t<\/span>\n\t\t\t\t\t<\/div>\n\t\t\t\t\t\t\t<\/div>\n\t\t\t\t\t\t<\/a>\n\t\t\t\t<\/div>\n\t\t\t\t<\/div>\n\t\t\t\t\t<\/div>\n\t\t<\/div>\n\t\t\t\t<div class=\"elementor-column elementor-col-33 elementor-top-column elementor-element elementor-element-e87ba72\" data-id=\"e87ba72\" data-element_type=\"column\">\n\t\t\t<div class=\"elementor-widget-wrap elementor-element-populated\">\n\t\t\t\t\t\t<div class=\"elementor-element elementor-element-d5cf706 elementor-cta--skin-classic elementor-animated-content elementor-bg-transform elementor-bg-transform-zoom-in elementor-widget elementor-widget-call-to-action\" data-id=\"d5cf706\" data-element_type=\"widget\" data-widget_type=\"call-to-action.default\">\n\t\t\t\t<div class=\"elementor-widget-container\">\n\t\t\t\t\t<a class=\"elementor-cta\" href=\"https:\/\/alquienvasplastic.com\/producto\/ecopuntos-plastico-reciclado\/cubre-contenedores-plastico-reciclado\/\" target=\"_blank\">\n\t\t\t\t\t<div class=\"elementor-cta__bg-wrapper\">\n\t\t\t\t<div class=\"elementor-cta__bg elementor-bg\" style=\"background-image: url(https:\/\/alquienvas-smart.com\/wp-content\/uploads\/Ecopunto-El-Bergada-1-w-600x337-1.jpg);\" role=\"img\" aria-label=\"Ecopunto-El-Bergada-1-w-600x337-1\"><\/div>\n\t\t\t\t<div class=\"elementor-cta__bg-overlay\"><\/div>\n\t\t\t<\/div>\n\t\t\t\t\t\t\t<div class=\"elementor-cta__content\">\n\t\t\t\t\n\t\t\t\t\t\t\t\t\t<h2 class=\"elementor-cta__title elementor-cta__content-item elementor-content-item\">\n\t\t\t\t\t\t\u00c0rees d'emerg\u00e8ncia amb control d'usuari\t\t\t\t\t<\/h2>\n\t\t\t\t\n\t\t\t\t\t\t\t\t\t<div class=\"elementor-cta__description elementor-cta__content-item elementor-content-item\">\n\t\t\t\t\t\t<p>Cobre contenidors i \u00c0rees d'emerg\u00e8ncia autosuficients per a la recollida selectiva Porta a Porta<\/p>\n\t\t\t\t\t<\/div>\n\t\t\t\t\n\t\t\t\t\t\t\t\t\t<div class=\"elementor-cta__button-wrapper elementor-cta__content-item elementor-content-item \">\n\t\t\t\t\t<span class=\"elementor-cta__button elementor-button elementor-size-\">\n\t\t\t\t\t\tVeure productes\t\t\t\t\t<\/span>\n\t\t\t\t\t<\/div>\n\t\t\t\t\t\t\t<\/div>\n\t\t\t\t\t\t<\/a>\n\t\t\t\t<\/div>\n\t\t\t\t<\/div>\n\t\t\t\t\t<\/div>\n\t\t<\/div>\n\t\t\t\t<div class=\"elementor-column elementor-col-33 elementor-top-column elementor-element elementor-element-9843074\" data-id=\"9843074\" data-element_type=\"column\">\n\t\t\t<div class=\"elementor-widget-wrap elementor-element-populated\">\n\t\t\t\t\t\t<div class=\"elementor-element elementor-element-45cf181 elementor-cta--skin-classic elementor-animated-content elementor-bg-transform elementor-bg-transform-zoom-in elementor-widget elementor-widget-call-to-action\" data-id=\"45cf181\" data-element_type=\"widget\" data-widget_type=\"call-to-action.default\">\n\t\t\t\t<div class=\"elementor-widget-container\">\n\t\t\t\t\t<a class=\"elementor-cta\" href=\"https:\/\/alquienvas.com\/ficheros\/RECOGIDA_SELECTIVA_DE_ACEITE_VEGETAL_USADO.pdf\" target=\"_blank\">\n\t\t\t\t\t<div class=\"elementor-cta__bg-wrapper\">\n\t\t\t\t<div class=\"elementor-cta__bg elementor-bg\" style=\"background-image: url(https:\/\/alquienvas-smart.com\/wp-content\/uploads\/oiplan_pc-olivia.jpg);\" role=\"img\" aria-label=\"oiplan_pc-olivia\"><\/div>\n\t\t\t\t<div class=\"elementor-cta__bg-overlay\"><\/div>\n\t\t\t<\/div>\n\t\t\t\t\t\t\t<div class=\"elementor-cta__content\">\n\t\t\t\t\n\t\t\t\t\t\t\t\t\t<h2 class=\"elementor-cta__title elementor-cta__content-item elementor-content-item\">\n\t\t\t\t\t\tRecollida d'oli Usat Vegetal\t\t\t\t\t<\/h2>\n\t\t\t\t\n\t\t\t\t\t\t\t\t\t<div class=\"elementor-cta__description elementor-cta__content-item elementor-content-item\">\n\t\t\t\t\t\t<p>El sistema i els envasos per a la recollida d'olis usats m\u00e9s resistents del mercat<\/p>\n\t\t\t\t\t<\/div>\n\t\t\t\t\n\t\t\t\t\t\t\t\t\t<div class=\"elementor-cta__button-wrapper elementor-cta__content-item elementor-content-item \">\n\t\t\t\t\t<span class=\"elementor-cta__button elementor-button elementor-size-\">\n\t\t\t\t\t\tVeure productes\t\t\t\t\t<\/span>\n\t\t\t\t\t<\/div>\n\t\t\t\t\t\t\t<\/div>\n\t\t\t\t\t\t<\/a>\n\t\t\t\t<\/div>\n\t\t\t\t<\/div>\n\t\t\t\t\t<\/div>\n\t\t<\/div>\n\t\t\t\t\t<\/div>\n\t\t<\/section>\n\t\t\t\t<section class=\"elementor-section elementor-top-section elementor-element elementor-element-f87991e elementor-section-boxed elementor-section-height-default elementor-section-height-default\" data-id=\"f87991e\" data-element_type=\"section\">\n\t\t\t\t\t\t<div class=\"elementor-container elementor-column-gap-default\">\n\t\t\t\t\t<div class=\"elementor-column elementor-col-100 elementor-top-column elementor-element elementor-element-3c10a11\" data-id=\"3c10a11\" data-element_type=\"column\">\n\t\t\t<div class=\"elementor-widget-wrap elementor-element-populated\">\n\t\t\t\t\t\t<div class=\"elementor-element elementor-element-28fb90e elementor-cta--skin-classic elementor-animated-content elementor-bg-transform elementor-bg-transform-zoom-in elementor-widget elementor-widget-call-to-action\" data-id=\"28fb90e\" data-element_type=\"widget\" data-widget_type=\"call-to-action.default\">\n\t\t\t\t<div class=\"elementor-widget-container\">\n\t\t\t\t\t<a class=\"elementor-cta\" href=\"https:\/\/alquienvas-smart.com\/catalogo\/compostadores-electromecanicos\/\">\n\t\t\t\t\t<div class=\"elementor-cta__bg-wrapper\">\n\t\t\t\t<div class=\"elementor-cta__bg elementor-bg\" style=\"background-image: url(https:\/\/alquienvas-smart.com\/wp-content\/uploads\/IMG-20230104-WA0008-1.jpg);\" role=\"img\" aria-label=\"IMG-20230104-WA0008 1\"><\/div>\n\t\t\t\t<div class=\"elementor-cta__bg-overlay\"><\/div>\n\t\t\t<\/div>\n\t\t\t\t\t\t\t<div class=\"elementor-cta__content\">\n\t\t\t\t\n\t\t\t\t\t\t\t\t\t<h2 class=\"elementor-cta__title elementor-cta__content-item elementor-content-item\">\n\t\t\t\t\t\tCompostadors Comunitaris\t\t\t\t\t<\/h2>\n\t\t\t\t\n\t\t\t\t\t\t\t\t\t<div class=\"elementor-cta__description elementor-cta__content-item elementor-content-item\">\n\t\t\t\t\t\t<p>Compostadors comunitaris a energia el\u00e8ctrica amb cicle aer\u00f2bic que proporcionen un compost d'alta qualitat en 30 dies<\/p>\n\t\t\t\t\t<\/div>\n\t\t\t\t\n\t\t\t\t\t\t\t\t\t<div class=\"elementor-cta__button-wrapper elementor-cta__content-item elementor-content-item \">\n\t\t\t\t\t<span class=\"elementor-cta__button elementor-button elementor-size-\">\n\t\t\t\t\t\tVeure productes\t\t\t\t\t<\/span>\n\t\t\t\t\t<\/div>\n\t\t\t\t\t\t\t<\/div>\n\t\t\t\t\t\t<\/a>\n\t\t\t\t<\/div>\n\t\t\t\t<\/div>\n\t\t\t\t\t<\/div>\n\t\t<\/div>\n\t\t\t\t\t<\/div>\n\t\t<\/section>\n\t\t\t\t<\/div>\n\t\t","protected":false},"excerpt":{"rendered":"<p>Papereres i Contenidors Smart Papereres amb premsa solar, Illes ecol\u00f2giques informatitzades, Contenidors amb obertura i tancament electr\u00f2nic Veure productes Software i Sistemes de lectura amb identificaci\u00f3 Tancaments electr\u00f2nics, Control volum\u00e8tric, Software, Sistemes d&#8217;identificaci\u00f3 i lectura dels contenidors Veure productes Expenedores de bosses Dispensadors de bosses equipats amb sistemes de lectura com targetes RFID o clauers [&hellip;]<\/p>\n","protected":false},"author":10,"featured_media":0,"parent":0,"menu_order":0,"comment_status":"closed","ping_status":"closed","template":"","meta":{"footnotes":""},"class_list":["post-5243","page","type-page","status-publish","hentry"],"yoast_head":"<!-- This site is optimized with the Yoast SEO plugin v23.9 - https:\/\/yoast.com\/wordpress\/plugins\/seo\/ -->\n<title>Smart Waste - Alquienvas Smart<\/title>\n<meta name=\"description\" content=\"Papereres i Contenidors Smart Papereres amb premsa solar, Illes ecol\u00f2giques informatitzades, Contenidors amb obertura i tancament electr\u00f2nic Veure\" \/>\n<meta name=\"robots\" content=\"index, follow, max-snippet:-1, max-image-preview:large, max-video-preview:-1\" \/>\n<link rel=\"canonical\" href=\"https:\/\/alquienvas-smart.com\/ca\/smart-waste\/\" \/>\n<meta property=\"og:locale\" content=\"ca_ES\" \/>\n<meta property=\"og:type\" content=\"article\" \/>\n<meta property=\"og:title\" content=\"Smart Waste - Alquienvas Smart\" \/>\n<meta property=\"og:description\" content=\"Papereres i Contenidors Smart Papereres amb premsa solar, Illes ecol\u00f2giques informatitzades, Contenidors amb obertura i tancament electr\u00f2nic Veure\" \/>\n<meta property=\"og:url\" content=\"https:\/\/alquienvas-smart.com\/ca\/smart-waste\/\" \/>\n<meta property=\"og:site_name\" content=\"Alquienvas Smart\" \/>\n<meta property=\"article:modified_time\" content=\"2024-10-25T13:52:13+00:00\" \/>\n<meta name=\"twitter:card\" content=\"summary_large_image\" \/>\n<meta name=\"twitter:label1\" content=\"Temps estimat de lectura\" \/>\n\t<meta name=\"twitter:data1\" content=\"2 minuts\" \/>\n<script type=\"application\/ld+json\" class=\"yoast-schema-graph\">{\"@context\":\"https:\/\/schema.org\",\"@graph\":[{\"@type\":\"WebPage\",\"@id\":\"https:\/\/alquienvas-smart.com\/ca\/smart-waste\/\",\"url\":\"https:\/\/alquienvas-smart.com\/ca\/smart-waste\/\",\"name\":\"Smart Waste - Alquienvas Smart\",\"isPartOf\":{\"@id\":\"https:\/\/alquienvas-smart.com\/ca\/#website\"},\"datePublished\":\"2023-08-23T15:27:19+00:00\",\"dateModified\":\"2024-10-25T13:52:13+00:00\",\"description\":\"Papereres i Contenidors Smart Papereres amb premsa solar, Illes ecol\u00f2giques informatitzades, Contenidors amb obertura i tancament electr\u00f2nic Veure\",\"inLanguage\":\"ca\",\"potentialAction\":[{\"@type\":\"ReadAction\",\"target\":[\"https:\/\/alquienvas-smart.com\/ca\/smart-waste\/\"]}]},{\"@type\":\"WebSite\",\"@id\":\"https:\/\/alquienvas-smart.com\/ca\/#website\",\"url\":\"https:\/\/alquienvas-smart.com\/ca\/\",\"name\":\"Alquienvas Smart\",\"description\":\"Mobiliario Urbano Smart y Recogida Selectiva para Smart Cities\",\"publisher\":{\"@id\":\"https:\/\/alquienvas-smart.com\/ca\/#organization\"},\"potentialAction\":[{\"@type\":\"SearchAction\",\"target\":{\"@type\":\"EntryPoint\",\"urlTemplate\":\"https:\/\/alquienvas-smart.com\/ca\/?s={search_term_string}\"},\"query-input\":{\"@type\":\"PropertyValueSpecification\",\"valueRequired\":true,\"valueName\":\"search_term_string\"}}],\"inLanguage\":\"ca\"},{\"@type\":\"Organization\",\"@id\":\"https:\/\/alquienvas-smart.com\/ca\/#organization\",\"name\":\"Alquienvas Smart\",\"url\":\"https:\/\/alquienvas-smart.com\/ca\/\",\"logo\":{\"@type\":\"ImageObject\",\"inLanguage\":\"ca\",\"@id\":\"https:\/\/alquienvas-smart.com\/ca\/#\/schema\/logo\/image\/\",\"url\":\"https:\/\/alquienvas-smart.com\/wp-content\/uploads\/cropped-LOGO-Alquienvasgroup.jpg\",\"contentUrl\":\"https:\/\/alquienvas-smart.com\/wp-content\/uploads\/cropped-LOGO-Alquienvasgroup.jpg\",\"width\":795,\"height\":227,\"caption\":\"Alquienvas Smart\"},\"image\":{\"@id\":\"https:\/\/alquienvas-smart.com\/ca\/#\/schema\/logo\/image\/\"}}]}<\/script>\n<!-- \/ Yoast SEO plugin. -->","yoast_head_json":{"title":"Smart Waste - Alquienvas Smart","description":"Papereres i Contenidors Smart Papereres amb premsa solar, Illes ecol\u00f2giques informatitzades, Contenidors amb obertura i tancament electr\u00f2nic Veure","robots":{"index":"index","follow":"follow","max-snippet":"max-snippet:-1","max-image-preview":"max-image-preview:large","max-video-preview":"max-video-preview:-1"},"canonical":"https:\/\/alquienvas-smart.com\/ca\/smart-waste\/","og_locale":"ca_ES","og_type":"article","og_title":"Smart Waste - Alquienvas Smart","og_description":"Papereres i Contenidors Smart Papereres amb premsa solar, Illes ecol\u00f2giques informatitzades, Contenidors amb obertura i tancament electr\u00f2nic Veure","og_url":"https:\/\/alquienvas-smart.com\/ca\/smart-waste\/","og_site_name":"Alquienvas Smart","article_modified_time":"2024-10-25T13:52:13+00:00","twitter_card":"summary_large_image","twitter_misc":{"Temps estimat de lectura":"2 minuts"},"schema":{"@context":"https:\/\/schema.org","@graph":[{"@type":"WebPage","@id":"https:\/\/alquienvas-smart.com\/ca\/smart-waste\/","url":"https:\/\/alquienvas-smart.com\/ca\/smart-waste\/","name":"Smart Waste - Alquienvas Smart","isPartOf":{"@id":"https:\/\/alquienvas-smart.com\/ca\/#website"},"datePublished":"2023-08-23T15:27:19+00:00","dateModified":"2024-10-25T13:52:13+00:00","description":"Papereres i Contenidors Smart Papereres amb premsa solar, Illes ecol\u00f2giques informatitzades, Contenidors amb obertura i tancament electr\u00f2nic Veure","inLanguage":"ca","potentialAction":[{"@type":"ReadAction","target":["https:\/\/alquienvas-smart.com\/ca\/smart-waste\/"]}]},{"@type":"WebSite","@id":"https:\/\/alquienvas-smart.com\/ca\/#website","url":"https:\/\/alquienvas-smart.com\/ca\/","name":"Alquienvas Smart","description":"Mobiliario Urbano Smart y Recogida Selectiva para Smart Cities","publisher":{"@id":"https:\/\/alquienvas-smart.com\/ca\/#organization"},"potentialAction":[{"@type":"SearchAction","target":{"@type":"EntryPoint","urlTemplate":"https:\/\/alquienvas-smart.com\/ca\/?s={search_term_string}"},"query-input":{"@type":"PropertyValueSpecification","valueRequired":true,"valueName":"search_term_string"}}],"inLanguage":"ca"},{"@type":"Organization","@id":"https:\/\/alquienvas-smart.com\/ca\/#organization","name":"Alquienvas Smart","url":"https:\/\/alquienvas-smart.com\/ca\/","logo":{"@type":"ImageObject","inLanguage":"ca","@id":"https:\/\/alquienvas-smart.com\/ca\/#\/schema\/logo\/image\/","url":"https:\/\/alquienvas-smart.com\/wp-content\/uploads\/cropped-LOGO-Alquienvasgroup.jpg","contentUrl":"https:\/\/alquienvas-smart.com\/wp-content\/uploads\/cropped-LOGO-Alquienvasgroup.jpg","width":795,"height":227,"caption":"Alquienvas Smart"},"image":{"@id":"https:\/\/alquienvas-smart.com\/ca\/#\/schema\/logo\/image\/"}}]}},"_links":{"self":[{"href":"https:\/\/alquienvas-smart.com\/ca\/wp-json\/wp\/v2\/pages\/5243"}],"collection":[{"href":"https:\/\/alquienvas-smart.com\/ca\/wp-json\/wp\/v2\/pages"}],"about":[{"href":"https:\/\/alquienvas-smart.com\/ca\/wp-json\/wp\/v2\/types\/page"}],"author":[{"embeddable":true,"href":"https:\/\/alquienvas-smart.com\/ca\/wp-json\/wp\/v2\/users\/10"}],"replies":[{"embeddable":true,"href":"https:\/\/alquienvas-smart.com\/ca\/wp-json\/wp\/v2\/comments?post=5243"}],"version-history":[{"count":79,"href":"https:\/\/alquienvas-smart.com\/ca\/wp-json\/wp\/v2\/pages\/5243\/revisions"}],"predecessor-version":[{"id":6753,"href":"https:\/\/alquienvas-smart.com\/ca\/wp-json\/wp\/v2\/pages\/5243\/revisions\/6753"}],"wp:attachment":[{"href":"https:\/\/alquienvas-smart.com\/ca\/wp-json\/wp\/v2\/media?parent=5243"}],"curies":[{"name":"wp","href":"https:\/\/api.w.org\/{rel}","templated":true}]}}