{"id":6467,"date":"2024-07-15T11:02:04","date_gmt":"2024-07-15T09:02:04","guid":{"rendered":"https:\/\/alquienvas-smart.com\/?page_id=6467"},"modified":"2024-07-15T13:39:34","modified_gmt":"2024-07-15T11:39:34","slug":"smart-city","status":"publish","type":"page","link":"https:\/\/alquienvas-smart.com\/ca\/smart-city\/","title":{"rendered":"Smart City"},"content":{"rendered":"\t\t<div data-elementor-type=\"wp-page\" data-elementor-id=\"6467\" class=\"elementor elementor-6467\" data-elementor-post-type=\"page\">\n\t\t\t\t\t\t<section class=\"elementor-section elementor-top-section elementor-element elementor-element-37e722d elementor-section-boxed elementor-section-height-default elementor-section-height-default\" data-id=\"37e722d\" data-element_type=\"section\">\n\t\t\t\t\t\t<div class=\"elementor-container elementor-column-gap-default\">\n\t\t\t\t\t<div class=\"elementor-column elementor-col-33 elementor-top-column elementor-element elementor-element-69179b8\" data-id=\"69179b8\" data-element_type=\"column\">\n\t\t\t<div class=\"elementor-widget-wrap elementor-element-populated\">\n\t\t\t\t\t\t<div class=\"elementor-element elementor-element-61f937a elementor-cta--skin-classic elementor-animated-content elementor-bg-transform elementor-bg-transform-zoom-in elementor-widget elementor-widget-call-to-action\" data-id=\"61f937a\" data-element_type=\"widget\" data-widget_type=\"call-to-action.default\">\n\t\t\t\t<div class=\"elementor-widget-container\">\n\t\t\t\t\t<a class=\"elementor-cta\" href=\"https:\/\/alquienvas-smart.com\/ca\/catalogo\/bancs-smart\/\">\n\t\t\t\t\t<div class=\"elementor-cta__bg-wrapper\">\n\t\t\t\t<div class=\"elementor-cta__bg elementor-bg\" style=\"background-image: url(https:\/\/alquienvas-smart.com\/wp-content\/uploads\/Banco-Smart-324x324-1-1.jpg);\" role=\"img\" aria-label=\"Banco-Smart--324x324 (1)\"><\/div>\n\t\t\t\t<div class=\"elementor-cta__bg-overlay\"><\/div>\n\t\t\t<\/div>\n\t\t\t\t\t\t\t<div class=\"elementor-cta__content\">\n\t\t\t\t\n\t\t\t\t\t\t\t\t\t<h2 class=\"elementor-cta__title elementor-cta__content-item elementor-content-item\">\n\t\t\t\t\t\tBancs Smart\t\t\t\t\t<\/h2>\n\t\t\t\t\n\t\t\t\t\t\t\t\t\t<div class=\"elementor-cta__description elementor-cta__content-item elementor-content-item\">\n\t\t\t\t\t\tBancs amb carregador solar, aut\u00f2noms, eficients i sostenibles\t\t\t\t\t<\/div>\n\t\t\t\t\n\t\t\t\t\t\t\t\t\t<div class=\"elementor-cta__button-wrapper elementor-cta__content-item elementor-content-item \">\n\t\t\t\t\t<span class=\"elementor-cta__button elementor-button elementor-size-\">\n\t\t\t\t\t\tVeure Productes\t\t\t\t\t<\/span>\n\t\t\t\t\t<\/div>\n\t\t\t\t\t\t\t<\/div>\n\t\t\t\t\t\t<\/a>\n\t\t\t\t<\/div>\n\t\t\t\t<\/div>\n\t\t\t\t\t<\/div>\n\t\t<\/div>\n\t\t\t\t<div class=\"elementor-column elementor-col-33 elementor-top-column elementor-element elementor-element-9393105\" data-id=\"9393105\" data-element_type=\"column\">\n\t\t\t<div class=\"elementor-widget-wrap elementor-element-populated\">\n\t\t\t\t\t\t<div class=\"elementor-element elementor-element-0b57596 elementor-cta--valign-middle elementor-cta--skin-classic elementor-animated-content elementor-bg-transform elementor-bg-transform-zoom-in elementor-widget elementor-widget-call-to-action\" data-id=\"0b57596\" data-element_type=\"widget\" data-widget_type=\"call-to-action.default\">\n\t\t\t\t<div class=\"elementor-widget-container\">\n\t\t\t\t\t<a class=\"elementor-cta\" href=\"https:\/\/alquienvas-smart.com\/ca\/catalogo\/totems-smart\/\">\n\t\t\t\t\t<div class=\"elementor-cta__bg-wrapper\">\n\t\t\t\t<div class=\"elementor-cta__bg elementor-bg\" style=\"background-image: url(https:\/\/alquienvas-smart.com\/wp-content\/uploads\/viva-totem-backlight-advertisement-smart-city-wireless-charger.jpg);\" role=\"img\" aria-label=\"viva-totem-backlight-advertisement-smart-city-wireless-charger\"><\/div>\n\t\t\t\t<div class=\"elementor-cta__bg-overlay\"><\/div>\n\t\t\t<\/div>\n\t\t\t\t\t\t\t<div class=\"elementor-cta__content\">\n\t\t\t\t\n\t\t\t\t\t\t\t\t\t<h2 class=\"elementor-cta__title elementor-cta__content-item elementor-content-item\">\n\t\t\t\t\t\tT\u00f2tems Smart\t\t\t\t\t<\/h2>\n\t\t\t\t\n\t\t\t\t\t\t\t\t\t<div class=\"elementor-cta__description elementor-cta__content-item elementor-content-item\">\n\t\t\t\t\t\tCartells publicitaris amb carregador solar, aut\u00f2noms, eficients i sostenibles\t\t\t\t\t<\/div>\n\t\t\t\t\n\t\t\t\t\t\t\t\t\t<div class=\"elementor-cta__button-wrapper elementor-cta__content-item elementor-content-item \">\n\t\t\t\t\t<span class=\"elementor-cta__button elementor-button elementor-size-\">\n\t\t\t\t\t\tVeure Productes\t\t\t\t\t<\/span>\n\t\t\t\t\t<\/div>\n\t\t\t\t\t\t\t<\/div>\n\t\t\t\t\t\t<\/a>\n\t\t\t\t<\/div>\n\t\t\t\t<\/div>\n\t\t\t\t\t<\/div>\n\t\t<\/div>\n\t\t\t\t<div class=\"elementor-column elementor-col-33 elementor-top-column elementor-element elementor-element-58c9964\" data-id=\"58c9964\" data-element_type=\"column\">\n\t\t\t<div class=\"elementor-widget-wrap elementor-element-populated\">\n\t\t\t\t\t\t<div class=\"elementor-element elementor-element-c35224d elementor-cta--skin-classic elementor-animated-content elementor-bg-transform elementor-bg-transform-zoom-in elementor-widget elementor-widget-call-to-action\" data-id=\"c35224d\" data-element_type=\"widget\" data-widget_type=\"call-to-action.default\">\n\t\t\t\t<div class=\"elementor-widget-container\">\n\t\t\t\t\t<a class=\"elementor-cta\" href=\"https:\/\/alquienvas-smart.com\/ca\/catalogo\/mobilitat-smart\/\">\n\t\t\t\t\t<div class=\"elementor-cta__bg-wrapper\">\n\t\t\t\t<div class=\"elementor-cta__bg elementor-bg\" style=\"background-image: url(https:\/\/alquienvas-smart.com\/wp-content\/uploads\/Aparcabicis-electricas-324x324-1-1.jpg);\" role=\"img\" aria-label=\"Aparcabicis-electricas-324x324 (1)\"><\/div>\n\t\t\t\t<div class=\"elementor-cta__bg-overlay\"><\/div>\n\t\t\t<\/div>\n\t\t\t\t\t\t\t<div class=\"elementor-cta__content\">\n\t\t\t\t\n\t\t\t\t\t\t\t\t\t<h2 class=\"elementor-cta__title elementor-cta__content-item elementor-content-item\">\n\t\t\t\t\t\tMobilitat Smart\t\t\t\t\t<\/h2>\n\t\t\t\t\n\t\t\t\t\t\t\t\t\t<div class=\"elementor-cta__description elementor-cta__content-item elementor-content-item\">\n\t\t\t\t\t\tMarquesines, aparca-bicicletes, t\u00f3tems amb carregador solar, aut\u00f2noms, eficients i sostenibles\t\t\t\t\t<\/div>\n\t\t\t\t\n\t\t\t\t\t\t\t\t\t<div class=\"elementor-cta__button-wrapper elementor-cta__content-item elementor-content-item \">\n\t\t\t\t\t<span class=\"elementor-cta__button elementor-button elementor-size-\">\n\t\t\t\t\t\tVeure Productes\t\t\t\t\t<\/span>\n\t\t\t\t\t<\/div>\n\t\t\t\t\t\t\t<\/div>\n\t\t\t\t\t\t<\/a>\n\t\t\t\t<\/div>\n\t\t\t\t<\/div>\n\t\t\t\t\t<\/div>\n\t\t<\/div>\n\t\t\t\t\t<\/div>\n\t\t<\/section>\n\t\t\t\t<section class=\"elementor-section elementor-top-section elementor-element elementor-element-e393173 elementor-section-boxed elementor-section-height-default elementor-section-height-default\" data-id=\"e393173\" data-element_type=\"section\">\n\t\t\t\t\t\t<div class=\"elementor-container elementor-column-gap-default\">\n\t\t\t\t\t<div class=\"elementor-column elementor-col-100 elementor-top-column elementor-element elementor-element-2e57980\" data-id=\"2e57980\" data-element_type=\"column\">\n\t\t\t<div class=\"elementor-widget-wrap\">\n\t\t\t\t\t\t\t<\/div>\n\t\t<\/div>\n\t\t\t\t\t<\/div>\n\t\t<\/section>\n\t\t\t\t<\/div>\n\t\t","protected":false},"excerpt":{"rendered":"<p>Bancs Smart Bancs amb carregador solar, aut\u00f2noms, eficients i sostenibles Veure Productes T\u00f2tems Smart Cartells publicitaris amb carregador solar, aut\u00f2noms, eficients i sostenibles Veure Productes Mobilitat Smart Marquesines, aparca-bicicletes, t\u00f3tems amb carregador solar, aut\u00f2noms, eficients i sostenibles Veure Productes<\/p>\n","protected":false},"author":9,"featured_media":0,"parent":0,"menu_order":0,"comment_status":"closed","ping_status":"closed","template":"","meta":{"footnotes":""},"class_list":["post-6467","page","type-page","status-publish","hentry"],"yoast_head":"<!-- This site is optimized with the Yoast SEO plugin v23.9 - https:\/\/yoast.com\/wordpress\/plugins\/seo\/ -->\n<title>Smart City - Alquienvas Smart<\/title>\n<meta name=\"description\" content=\"Bancs Smart Bancs amb carregador solar, aut\u00f2noms, eficients i sostenibles Veure Productes T\u00f2tems Smart Cartells publicitaris amb carregador solar,\" \/>\n<meta name=\"robots\" content=\"index, follow, max-snippet:-1, max-image-preview:large, max-video-preview:-1\" \/>\n<link rel=\"canonical\" href=\"https:\/\/alquienvas-smart.com\/ca\/smart-city\/\" \/>\n<meta property=\"og:locale\" content=\"ca_ES\" \/>\n<meta property=\"og:type\" content=\"article\" \/>\n<meta property=\"og:title\" content=\"Smart City - Alquienvas Smart\" \/>\n<meta property=\"og:description\" content=\"Bancs Smart Bancs amb carregador solar, aut\u00f2noms, eficients i sostenibles Veure Productes T\u00f2tems Smart Cartells publicitaris amb carregador solar,\" \/>\n<meta property=\"og:url\" content=\"https:\/\/alquienvas-smart.com\/ca\/smart-city\/\" \/>\n<meta property=\"og:site_name\" content=\"Alquienvas Smart\" \/>\n<meta property=\"article:modified_time\" content=\"2024-07-15T11:39:34+00:00\" \/>\n<meta name=\"twitter:card\" content=\"summary_large_image\" \/>\n<meta name=\"twitter:label1\" content=\"Temps estimat de lectura\" \/>\n\t<meta name=\"twitter:data1\" content=\"1 minut\" \/>\n<script type=\"application\/ld+json\" class=\"yoast-schema-graph\">{\"@context\":\"https:\/\/schema.org\",\"@graph\":[{\"@type\":\"WebPage\",\"@id\":\"https:\/\/alquienvas-smart.com\/ca\/smart-city\/\",\"url\":\"https:\/\/alquienvas-smart.com\/ca\/smart-city\/\",\"name\":\"Smart City - Alquienvas Smart\",\"isPartOf\":{\"@id\":\"https:\/\/alquienvas-smart.com\/ca\/#website\"},\"datePublished\":\"2024-07-15T09:02:04+00:00\",\"dateModified\":\"2024-07-15T11:39:34+00:00\",\"description\":\"Bancs Smart Bancs amb carregador solar, aut\u00f2noms, eficients i sostenibles Veure Productes T\u00f2tems Smart Cartells publicitaris amb carregador solar,\",\"inLanguage\":\"ca\",\"potentialAction\":[{\"@type\":\"ReadAction\",\"target\":[\"https:\/\/alquienvas-smart.com\/ca\/smart-city\/\"]}]},{\"@type\":\"WebSite\",\"@id\":\"https:\/\/alquienvas-smart.com\/ca\/#website\",\"url\":\"https:\/\/alquienvas-smart.com\/ca\/\",\"name\":\"Alquienvas Smart\",\"description\":\"Mobiliario Urbano Smart y Recogida Selectiva para Smart Cities\",\"publisher\":{\"@id\":\"https:\/\/alquienvas-smart.com\/ca\/#organization\"},\"potentialAction\":[{\"@type\":\"SearchAction\",\"target\":{\"@type\":\"EntryPoint\",\"urlTemplate\":\"https:\/\/alquienvas-smart.com\/ca\/?s={search_term_string}\"},\"query-input\":{\"@type\":\"PropertyValueSpecification\",\"valueRequired\":true,\"valueName\":\"search_term_string\"}}],\"inLanguage\":\"ca\"},{\"@type\":\"Organization\",\"@id\":\"https:\/\/alquienvas-smart.com\/ca\/#organization\",\"name\":\"Alquienvas Smart\",\"url\":\"https:\/\/alquienvas-smart.com\/ca\/\",\"logo\":{\"@type\":\"ImageObject\",\"inLanguage\":\"ca\",\"@id\":\"https:\/\/alquienvas-smart.com\/ca\/#\/schema\/logo\/image\/\",\"url\":\"https:\/\/alquienvas-smart.com\/wp-content\/uploads\/cropped-LOGO-Alquienvasgroup.jpg\",\"contentUrl\":\"https:\/\/alquienvas-smart.com\/wp-content\/uploads\/cropped-LOGO-Alquienvasgroup.jpg\",\"width\":795,\"height\":227,\"caption\":\"Alquienvas Smart\"},\"image\":{\"@id\":\"https:\/\/alquienvas-smart.com\/ca\/#\/schema\/logo\/image\/\"}}]}<\/script>\n<!-- \/ Yoast SEO plugin. -->","yoast_head_json":{"title":"Smart City - Alquienvas Smart","description":"Bancs Smart Bancs amb carregador solar, aut\u00f2noms, eficients i sostenibles Veure Productes T\u00f2tems Smart Cartells publicitaris amb carregador solar,","robots":{"index":"index","follow":"follow","max-snippet":"max-snippet:-1","max-image-preview":"max-image-preview:large","max-video-preview":"max-video-preview:-1"},"canonical":"https:\/\/alquienvas-smart.com\/ca\/smart-city\/","og_locale":"ca_ES","og_type":"article","og_title":"Smart City - Alquienvas Smart","og_description":"Bancs Smart Bancs amb carregador solar, aut\u00f2noms, eficients i sostenibles Veure Productes T\u00f2tems Smart Cartells publicitaris amb carregador solar,","og_url":"https:\/\/alquienvas-smart.com\/ca\/smart-city\/","og_site_name":"Alquienvas Smart","article_modified_time":"2024-07-15T11:39:34+00:00","twitter_card":"summary_large_image","twitter_misc":{"Temps estimat de lectura":"1 minut"},"schema":{"@context":"https:\/\/schema.org","@graph":[{"@type":"WebPage","@id":"https:\/\/alquienvas-smart.com\/ca\/smart-city\/","url":"https:\/\/alquienvas-smart.com\/ca\/smart-city\/","name":"Smart City - Alquienvas Smart","isPartOf":{"@id":"https:\/\/alquienvas-smart.com\/ca\/#website"},"datePublished":"2024-07-15T09:02:04+00:00","dateModified":"2024-07-15T11:39:34+00:00","description":"Bancs Smart Bancs amb carregador solar, aut\u00f2noms, eficients i sostenibles Veure Productes T\u00f2tems Smart Cartells publicitaris amb carregador solar,","inLanguage":"ca","potentialAction":[{"@type":"ReadAction","target":["https:\/\/alquienvas-smart.com\/ca\/smart-city\/"]}]},{"@type":"WebSite","@id":"https:\/\/alquienvas-smart.com\/ca\/#website","url":"https:\/\/alquienvas-smart.com\/ca\/","name":"Alquienvas Smart","description":"Mobiliario Urbano Smart y Recogida Selectiva para Smart Cities","publisher":{"@id":"https:\/\/alquienvas-smart.com\/ca\/#organization"},"potentialAction":[{"@type":"SearchAction","target":{"@type":"EntryPoint","urlTemplate":"https:\/\/alquienvas-smart.com\/ca\/?s={search_term_string}"},"query-input":{"@type":"PropertyValueSpecification","valueRequired":true,"valueName":"search_term_string"}}],"inLanguage":"ca"},{"@type":"Organization","@id":"https:\/\/alquienvas-smart.com\/ca\/#organization","name":"Alquienvas Smart","url":"https:\/\/alquienvas-smart.com\/ca\/","logo":{"@type":"ImageObject","inLanguage":"ca","@id":"https:\/\/alquienvas-smart.com\/ca\/#\/schema\/logo\/image\/","url":"https:\/\/alquienvas-smart.com\/wp-content\/uploads\/cropped-LOGO-Alquienvasgroup.jpg","contentUrl":"https:\/\/alquienvas-smart.com\/wp-content\/uploads\/cropped-LOGO-Alquienvasgroup.jpg","width":795,"height":227,"caption":"Alquienvas Smart"},"image":{"@id":"https:\/\/alquienvas-smart.com\/ca\/#\/schema\/logo\/image\/"}}]}},"_links":{"self":[{"href":"https:\/\/alquienvas-smart.com\/ca\/wp-json\/wp\/v2\/pages\/6467"}],"collection":[{"href":"https:\/\/alquienvas-smart.com\/ca\/wp-json\/wp\/v2\/pages"}],"about":[{"href":"https:\/\/alquienvas-smart.com\/ca\/wp-json\/wp\/v2\/types\/page"}],"author":[{"embeddable":true,"href":"https:\/\/alquienvas-smart.com\/ca\/wp-json\/wp\/v2\/users\/9"}],"replies":[{"embeddable":true,"href":"https:\/\/alquienvas-smart.com\/ca\/wp-json\/wp\/v2\/comments?post=6467"}],"version-history":[{"count":19,"href":"https:\/\/alquienvas-smart.com\/ca\/wp-json\/wp\/v2\/pages\/6467\/revisions"}],"predecessor-version":[{"id":6537,"href":"https:\/\/alquienvas-smart.com\/ca\/wp-json\/wp\/v2\/pages\/6467\/revisions\/6537"}],"wp:attachment":[{"href":"https:\/\/alquienvas-smart.com\/ca\/wp-json\/wp\/v2\/media?parent=6467"}],"curies":[{"name":"wp","href":"https:\/\/api.w.org\/{rel}","templated":true}]}}