{"id":876,"date":"2020-08-20T11:03:05","date_gmt":"2020-08-20T11:03:05","guid":{"rendered":"http:\/\/alquienvas-smart.com\/politica-de-privacidad\/"},"modified":"2023-10-16T14:09:51","modified_gmt":"2023-10-16T12:09:51","slug":"politica-de-privacidad","status":"publish","type":"page","link":"https:\/\/alquienvas-smart.com\/ca\/politica-de-privacidad\/","title":{"rendered":"Pol\u00edtica de privacidad"},"content":{"rendered":"\t\t<div data-elementor-type=\"wp-page\" data-elementor-id=\"876\" class=\"elementor elementor-876 elementor-570\" data-elementor-post-type=\"page\">\n\t\t\t\t\t\t<section class=\"elementor-section elementor-top-section elementor-element elementor-element-3619c01 v-pg-legals elementor-section-boxed elementor-section-height-default elementor-section-height-default\" data-id=\"3619c01\" data-element_type=\"section\">\n\t\t\t\t\t\t<div class=\"elementor-container elementor-column-gap-default\">\n\t\t\t\t\t<div class=\"elementor-column elementor-col-100 elementor-top-column elementor-element elementor-element-825f3a6\" data-id=\"825f3a6\" data-element_type=\"column\">\n\t\t\t<div class=\"elementor-widget-wrap elementor-element-populated\">\n\t\t\t\t\t\t<div class=\"elementor-element elementor-element-aa273b4 elementor-widget elementor-widget-text-editor\" data-id=\"aa273b4\" data-element_type=\"widget\" data-widget_type=\"text-editor.default\">\n\t\t\t\t<div class=\"elementor-widget-container\">\n\t\t\t\t\t\t\t<div><h3>RESPONSABLE DEL TRATAMIENTO<\/h3><p>El Responsable del tratamiento es Alquienvas, S.L., domiciliada en calle Catalunya,4<br \/>25337 Bellcaire d\u2019Urgell, con CIF B25335332, tel\u00e9fono de contacto: +34 973 586 067 \u00a0y email: <a href=\"mailto:info@alquienvas.com\">info@alquienvas.com<\/a>.<\/p><p>Alquienvas, S.L., como responsable del presente Sitio web (Prestador del servicio) y en conformidad con el que dispone la normativa vigente en materia de protecci\u00f3n de datos personales, el Reglamento (UE) 2016\/679 de 27 de abril de 2016 (RGPD) relativo a la protecci\u00f3n de las personas f\u00edsicas en cuanto al tratamiento de datos personales y a la libre circulaci\u00f3n de estos datos, la Ley Org\u00e1nica 15\/1999, de 13 de diciembre, de Protecci\u00f3n de Datos de Car\u00e1cter Personal (LOPD) y por la Ley 34\/2002, de 11 de julio, de Servicios de la Sociedad de la Informaci\u00f3n y del Comercio Electr\u00f3nico (LSSICE), tiene implementadas todas las medidas de seguridad, de \u00edndole t\u00e9cnica y organizativas, establecidas en el Real decreto 1720\/2007 de 21 de Diciembre, (que desarrolla la LOPD) para garantizar y proteger la confidencialidad, integridad y disponibilidad de los datos tratados.<\/p><h3>FINALIDAD DEL TRATAMIENTO<\/h3><p>A efectos del que prev\u00e9 la LOPD, Alquienvas, S.L.\u00a0le informa que los datos que voluntariamente nos est\u00e1 facilitando ser\u00e1n incorporados a nuestros sistemas de informaci\u00f3n con el fin de realizar las gestiones comerciales y administrativas necesarias con los usuarios de la web. Las operaciones previstas para realizar los tratamientos son las siguientes: responder a las consultas y\/o proporcionar informaciones requeridas; realizar las prestaciones de servicios y\/o productos contratados o subscritos por los Clientes; realizar todas aquellas actividades propias de Alquienvas, S.L.\u00a0y remitir las comunicaciones, boletines, actividades y noticias de su inter\u00e9s relacionadas con los servicios que ofrecemos.<\/p><p>El firmante garantiza la veracidad de los datos aportados y se compromete a comunicar cualquier cambio que se produzca en los mismos.<\/p><h3>TRATAMIENTO ESPEC\u00cdFICO EN FORMULARIO WEB<\/h3><p>El Prestador, mediante asterisco (*) en las casillas correspondientes del formulario de contacto, le informa de esta obligatoriedad al Usuario, indicando qu\u00e9 datos son necesarios.<\/p><p>Mediante la indicaci\u00f3n e introducci\u00f3n de los datos, el Usuario otorga el consentimiento inequ\u00edvoco a Alquienvas, S.L.\u00a0para que proceda al tratamiento de los datos facilitados para las finalidades mencionadas.<\/p><p>El no facilitar los datos personales solicitados o el no aceptar la presente pol\u00edtica de protecci\u00f3n de datos supone la imposibilidad de subscribirse, registrarse o recibir informaci\u00f3n de los productos y servicios del prestador.<\/p><p>En conformidad con lo que disponen las normativas vigentes en protecci\u00f3n de datos personales, el Prestador est\u00e1 cumpliendo con todas las disposiciones de las normativas RGPD y LOPD para el tratamiento de los datos personales de su responsabilidad, y manifiestamente con los principios descritos en el art. 5 del RGPD y el art. 4 de la LOPD, por los cuales son tratados de manera l\u00edcita, leal y transparente en relaci\u00f3n con el interesado y adecuadas, pertinentes y limitadas a lo que es necesario en relaci\u00f3n con los fines para los cuales son tratados.<\/p><h3>CONSERVACI\u00d3N DE LOS DATOS<\/h3><p>Los datos personales ser\u00e1n conservados mientras se mantenga la relaci\u00f3n comercial con los Clientes o Usuarios y, una vez finalizada, si usted no ejercita sus derechos de oposici\u00f3n y\/o cancelaci\u00f3n indicados.<\/p><h3>LEGITIMACI\u00d3N DEL TRATAMIENTO<\/h3><p>La base legal por el tratamiento de los datos de los clientes es la prestaci\u00f3n de los servicios contratados y\/o la respuesta a su consulta o solicitud.<\/p><p>Tambi\u00e9n el tratamiento para enviarle circulares informativas, comunicaciones, actividades y noticias de su inter\u00e9s relacionadas con el servicio contratado se encuentra legitimado por raz\u00f3n de la relaci\u00f3n comercial existente con esta empresa, en conformidad con el que establece el RGPD.<\/p><p>Finalmente, el tratamiento de sus datos para enviarle informaci\u00f3n comercial sobre productos o servicios de la empresa que no tiene contratados o comunicaciones, actividades y boletines informativos de la empresa est\u00e1 basado en su consentimiento, por el que podr\u00e1 oponerse en cualquier momento a este tipo de env\u00edo, mediante solicitud a la direcci\u00f3n: <a href=\"mailto:info@alquienvas.com\">info@alquienvas.com<\/a>, indicando en el asunto \u201cBaja RGPD\u201d, sin que su solicitud de baja de estos env\u00edos condicione de ninguna forma el normal desarrollo y correcta ejecuci\u00f3n de los servicios que tenga contratados con la empresa.<\/p><h3>DERECHOS DE LOS INTERESADOS<\/h3><p>El Responsable garantiza que ha implementado pol\u00edticas t\u00e9cnicas y organizativas apropiadas para aplicar las medidas de seguridad que establecen el RGPD y la LOPD para proteger los derechos y libertades de los Usuarios.<\/p><p>De acuerdo con estas normativas, pues, le informamos que tiene derecho a solicitar el acceso, rectificaci\u00f3n, portabilidad y supresi\u00f3n de sus datos y la limitaci\u00f3n y oposici\u00f3n a su tratamiento, enviando un correo electr\u00f3nico a <a href=\"mailto:info@alquienvas.com\">info@alquienvas.com<\/a>, indicando como Asunto: \u201cLOPD, Derechos ARCO\u201d, y adjuntando fotocopia de su DNI o cualquier medio an\u00e1logo en derecho, tal y c\u00f3mo indica la ley. Tiene derecho a retirar el consentimiento prestado en cualquier momento. La retirada del consentimiento no afectar\u00e1 a la licitud del tratamiento efectuado antes de la retirada del consentimiento. Tambi\u00e9n tiene derecho a presentar una reclamaci\u00f3n ante la autoridad de control si considera que pueden haberse visto vulnerados sus derechos en relaci\u00f3n con la protecci\u00f3n de sus datos (agpd.es).<\/p><h3>CONFIDENCIALIDAD Y CESI\u00d3N DE DATOS A TERCEROS<\/h3><p>Los datos que nos facilite se tratar\u00e1n de forma confidencial. El prestador ha adoptado todas las medidas t\u00e9cnicas y organizativas y todos los niveles de protecci\u00f3n necesarios para garantizar la seguridad en el tratamiento de los datos y evitar su alteraci\u00f3n, p\u00e9rdida, robo, tratamiento o acceso no autorizado, atendido el estado de la tecnolog\u00eda y naturaleza de los datos almacenados.\u00a0 As\u00ed mismo, se garantiza tambi\u00e9n que el tratamiento y registro en ficheros, programas, sistemas o equipos, locales y centros cumplen con los requisitos y condiciones de integridad y seguridad establecidas en la normativa vigente.<\/p><p>Alquienvas, S.L. no ceder\u00e1 los datos personales a terceros, excepto por obligaci\u00f3n legal. Sin embargo, en el caso de ser cedidos a alg\u00fan tercero se producir\u00eda una informaci\u00f3n previa solicitando el consentimiento expreso por tal cesi\u00f3n. La entidad responsable de la base de datos, as\u00ed como los que intervengan en cualquier fase del tratamiento y\/o las entidades a quienes se los haya comunicado -en todo caso siempre con la correspondiente autorizaci\u00f3n otorgada por el usuario-, est\u00e1n obligadas a observar el secreto profesional y a la adopci\u00f3n de los niveles de protecci\u00f3n y las medidas t\u00e9cnicas y organizativas necesarias a su alcance para garantizar la seguridad de los datos de car\u00e1cter personal, evitando, dentro de lo posible, accesos no autorizados, modificaciones il\u00edcitas, sustracciones y\/o la p\u00e9rdida de los datos, con objeto de procurar el correspondiente nivel de seguridad de los ficheros del prestador, seg\u00fan la naturaleza y sensibilidad de los datos facilitados por los usuarios del presente Sitio web.<\/p><h3>ACEPTACI\u00d3N Y CONSENTIMIENTO EN FORMULARIO WEB<\/h3><p>El Usuario declara haber sido informado de las condiciones sobre protecci\u00f3n de datos de car\u00e1cter personal, aceptando y consintiendo su tratamiento automatizado por parte de Alquienvas, S.L.\u00a0en la forma y para las finalidades indicadas en la presente Pol\u00edtica de Protecci\u00f3n de Datos Personales.<\/p><p>Por lo tanto, al utilizar este formulario para contactar con Alquienvas, S.L., est\u00e1 autorizando expresamente la utilizaci\u00f3n de sus datos para el env\u00edo de comunicaciones comerciales, por cualquier medio (incluyendo correo electr\u00f3nico), pudiendo anular esta autorizaci\u00f3n cuando lo desee, dirigi\u00e9ndose a Alquienvas, S.L.\u00a0a trav\u00e9s de los medios establecidos.<\/p><p>A trav\u00e9s de esta Pol\u00edtica de Privacidad le informamos que las fotograf\u00edas que est\u00e9n colgadas en la web son propiedad de Alquienvas, S.L.<\/p><h3>EXACTITUD Y VERACIDAD DE LOS DATOS EN FORMULARIO WEB<\/h3><p>El usuario es el \u00fanico responsable de la veracidad y correcci\u00f3n de los datos que remita a Alquienvas, S.L., exonerando al Prestador de cualquier responsabilidad al respeto. Los usuarios garantizan y responden, en cualquier caso, de la exactitud, vigencia y autenticidad de los datos personales facilitados, y se comprometen a mantenerlos debidamente actualizados. El usuario acepta proporcionar informaci\u00f3n completa y correcta en el formulario de registro o suscripci\u00f3n.<\/p><h3>CONTENIDO DE LA WEB Y ENLACES (LINKS)<\/h3><p>Alquienvas, S.L. se reserva el derecho a actualizar, modificar o eliminar la informaci\u00f3n contenida en la web, pudiendo, incluso, limitar o no permitir el acceso a la informaci\u00f3n.<\/p><p>Alquienvas, S.L. no asume ning\u00fan tipo de responsabilidad por la informaci\u00f3n contenida en las Webs de terceros a las que se pueda acceder por los \u201clinks\u201d o enlaces desde cualquier p\u00e1gina Web propiedad del prestador.<\/p><p>La presencia de \u201clinks\u201d o enlaces s\u00f3lo tiene finalidad informativa y en ning\u00fan caso supone ninguna sugerencia, invitaci\u00f3n o reconocimiento sobre \u00e9stos.<\/p><h3>ENV\u00cdO CV EN FORMULARIO WEB<\/h3><p>En el supuesto de que el usuario env\u00ede su CV a trav\u00e9s de nuestra web, le informamos que los datos aportados ser\u00e1n tratados para hacerlo part\u00edcipe de los procesos de selecci\u00f3n que pueda haber, llevando a cabo un an\u00e1lisis del perfil del solicitante con el objetivo de seleccionar el mejor candidato para el lugar vacante del Responsable. Le informamos que \u00e9ste es el \u00fanico procedimiento oficial para aceptar su curr\u00edculum, de forma que no se aceptar\u00e1n los curr\u00edculums remitidos por otro procedimiento diferente. En caso de producirse alguna modificaci\u00f3n en los datos, le rogamos nos lo comunique por escrito lo antes posible, con objeto de mantener sus datos debidamente actualizados.<\/p><p>Los datos se conservar\u00e1n durante un plazo m\u00e1ximo de tres a\u00f1os, transcurrido el cual se proceder\u00e1 a la supresi\u00f3n de los datos garantiz\u00e1ndole un total respecto a la confidencialidad tanto en el tratamiento como en su posterior destrucci\u00f3n. En este sentido, transcurrido el mencionado plazo, y si desea continuar participando en los procesos de selecci\u00f3n del Responsable, le rogamos nos remita nuevamente su curr\u00edculum.<\/p><p>Los datos se podr\u00e1n tratar y\/o comunicar a las empresas integrantes de nuestro grupo durante el tiempo de conservaci\u00f3n de su curr\u00edculum y para los mismos hasta antes informados.<\/p><p>Si usted nos autoriza de forma expresa en el momento de llenar el formulario web, Alquienvas, S.L.\u00a0podr\u00e1 ceder su CV a terceras empresas interesadas en su perfil.<\/p><h3>CAMBIOS EN LA PRESENTE POL\u00cdTICA DE PRIVACIDAD<\/h3><p>Alquienvas, S.L. e reserva el derecho a modificar la presente pol\u00edtica para adaptarla a novedades legislativas o jurisprudenciales.<\/p><h3>CORREOS COMERCIALES<\/h3><p>De acuerdo con la LSSICE, Alquienvas, S.L.\u00a0no realiza pr\u00e1cticas de SPAM, por lo tanto, no env\u00eda correos comerciales por e-mail que no hayan sido previamente solicitados o autorizados por el Usuario. En consecuencia, en cada uno de los formularios de la P\u00e1gina Web, el Usuario tiene la posibilidad de dar su consentimiento expreso para recibir nuestro Bolet\u00edn, con independencia de la informaci\u00f3n comercial puntualmente solicitada.<\/p><h3>LEGISLACI\u00d3N<\/h3><p>A todos los efectos las relaciones entre Alquienvas, S.L.\u00a0con los Usuarios de sus servicios telem\u00e1ticos, presentes en esta Web, est\u00e1n sometidos a la legislaci\u00f3n y jurisdicci\u00f3n espa\u00f1olas a la que se someten expresamente las partes, siendo competentes por la resoluci\u00f3n de todos los conflictos derivados o relacionados con su uso los Juzgados y Tribunales de Lleida.<\/p><\/div>\t\t\t\t\t\t<\/div>\n\t\t\t\t<\/div>\n\t\t\t\t\t<\/div>\n\t\t<\/div>\n\t\t\t\t\t<\/div>\n\t\t<\/section>\n\t\t\t\t<\/div>\n\t\t","protected":false},"excerpt":{"rendered":"<p>RESPONSABLE DEL TRATAMIENTO El Responsable del tratamiento es Alquienvas, S.L., domiciliada en calle Catalunya,425337 Bellcaire d\u2019Urgell, con CIF B25335332, tel\u00e9fono de contacto: +34 973 586 067 \u00a0y email: info@alquienvas.com. Alquienvas, S.L., como responsable del presente Sitio web (Prestador del servicio) y en conformidad con el que dispone la normativa vigente en materia de protecci\u00f3n de [&hellip;]<\/p>\n","protected":false},"author":1,"featured_media":0,"parent":0,"menu_order":8,"comment_status":"closed","ping_status":"closed","template":"elementor_header_footer","meta":{"footnotes":""},"class_list":["post-876","page","type-page","status-publish","hentry"],"yoast_head":"<!-- This site is optimized with the Yoast SEO plugin v23.9 - https:\/\/yoast.com\/wordpress\/plugins\/seo\/ -->\n<title>Pol\u00edtica de privacidad - Alquienvas Smart<\/title>\n<meta name=\"description\" content=\"RESPONSABLE DEL TRATAMIENTOEl Responsable del tratamiento es Alquienvas, S.L., domiciliada en calle Catalunya,425337 Bellcaire d\u2019Urgell, con CIF\" \/>\n<meta name=\"robots\" content=\"noindex, nofollow\" \/>\n<meta property=\"og:locale\" content=\"ca_ES\" \/>\n<meta property=\"og:type\" content=\"article\" \/>\n<meta property=\"og:title\" content=\"Pol\u00edtica de privacidad - Alquienvas Smart\" \/>\n<meta property=\"og:description\" content=\"RESPONSABLE DEL TRATAMIENTOEl Responsable del tratamiento es Alquienvas, S.L., domiciliada en calle Catalunya,425337 Bellcaire d\u2019Urgell, con CIF\" \/>\n<meta property=\"og:url\" content=\"https:\/\/alquienvas-smart.com\/ca\/politica-de-privacidad\/\" \/>\n<meta property=\"og:site_name\" content=\"Alquienvas Smart\" \/>\n<meta property=\"article:modified_time\" content=\"2023-10-16T12:09:51+00:00\" \/>\n<meta name=\"twitter:card\" content=\"summary_large_image\" \/>\n<meta name=\"twitter:label1\" content=\"Temps estimat de lectura\" \/>\n\t<meta name=\"twitter:data1\" content=\"10 minuts\" \/>\n<script type=\"application\/ld+json\" class=\"yoast-schema-graph\">{\"@context\":\"https:\/\/schema.org\",\"@graph\":[{\"@type\":\"WebPage\",\"@id\":\"https:\/\/alquienvas-smart.com\/ca\/politica-de-privacidad\/\",\"url\":\"https:\/\/alquienvas-smart.com\/ca\/politica-de-privacidad\/\",\"name\":\"Pol\u00edtica de privacidad - Alquienvas Smart\",\"isPartOf\":{\"@id\":\"https:\/\/alquienvas-smart.com\/ca\/#website\"},\"datePublished\":\"2020-08-20T11:03:05+00:00\",\"dateModified\":\"2023-10-16T12:09:51+00:00\",\"description\":\"RESPONSABLE DEL TRATAMIENTOEl Responsable del tratamiento es Alquienvas, S.L., domiciliada en calle Catalunya,425337 Bellcaire d\u2019Urgell, con CIF\",\"inLanguage\":\"ca\",\"potentialAction\":[{\"@type\":\"ReadAction\",\"target\":[\"https:\/\/alquienvas-smart.com\/ca\/politica-de-privacidad\/\"]}]},{\"@type\":\"WebSite\",\"@id\":\"https:\/\/alquienvas-smart.com\/ca\/#website\",\"url\":\"https:\/\/alquienvas-smart.com\/ca\/\",\"name\":\"Alquienvas Smart\",\"description\":\"Mobiliario Urbano Smart y Recogida Selectiva para Smart Cities\",\"publisher\":{\"@id\":\"https:\/\/alquienvas-smart.com\/ca\/#organization\"},\"potentialAction\":[{\"@type\":\"SearchAction\",\"target\":{\"@type\":\"EntryPoint\",\"urlTemplate\":\"https:\/\/alquienvas-smart.com\/ca\/?s={search_term_string}\"},\"query-input\":{\"@type\":\"PropertyValueSpecification\",\"valueRequired\":true,\"valueName\":\"search_term_string\"}}],\"inLanguage\":\"ca\"},{\"@type\":\"Organization\",\"@id\":\"https:\/\/alquienvas-smart.com\/ca\/#organization\",\"name\":\"Alquienvas Smart\",\"url\":\"https:\/\/alquienvas-smart.com\/ca\/\",\"logo\":{\"@type\":\"ImageObject\",\"inLanguage\":\"ca\",\"@id\":\"https:\/\/alquienvas-smart.com\/ca\/#\/schema\/logo\/image\/\",\"url\":\"https:\/\/alquienvas-smart.com\/wp-content\/uploads\/cropped-LOGO-Alquienvasgroup.jpg\",\"contentUrl\":\"https:\/\/alquienvas-smart.com\/wp-content\/uploads\/cropped-LOGO-Alquienvasgroup.jpg\",\"width\":795,\"height\":227,\"caption\":\"Alquienvas Smart\"},\"image\":{\"@id\":\"https:\/\/alquienvas-smart.com\/ca\/#\/schema\/logo\/image\/\"}}]}<\/script>\n<!-- \/ Yoast SEO plugin. -->","yoast_head_json":{"title":"Pol\u00edtica de privacidad - Alquienvas Smart","description":"RESPONSABLE DEL TRATAMIENTOEl Responsable del tratamiento es Alquienvas, S.L., domiciliada en calle Catalunya,425337 Bellcaire d\u2019Urgell, con CIF","robots":{"index":"noindex","follow":"nofollow"},"og_locale":"ca_ES","og_type":"article","og_title":"Pol\u00edtica de privacidad - Alquienvas Smart","og_description":"RESPONSABLE DEL TRATAMIENTOEl Responsable del tratamiento es Alquienvas, S.L., domiciliada en calle Catalunya,425337 Bellcaire d\u2019Urgell, con CIF","og_url":"https:\/\/alquienvas-smart.com\/ca\/politica-de-privacidad\/","og_site_name":"Alquienvas Smart","article_modified_time":"2023-10-16T12:09:51+00:00","twitter_card":"summary_large_image","twitter_misc":{"Temps estimat de lectura":"10 minuts"},"schema":{"@context":"https:\/\/schema.org","@graph":[{"@type":"WebPage","@id":"https:\/\/alquienvas-smart.com\/ca\/politica-de-privacidad\/","url":"https:\/\/alquienvas-smart.com\/ca\/politica-de-privacidad\/","name":"Pol\u00edtica de privacidad - Alquienvas Smart","isPartOf":{"@id":"https:\/\/alquienvas-smart.com\/ca\/#website"},"datePublished":"2020-08-20T11:03:05+00:00","dateModified":"2023-10-16T12:09:51+00:00","description":"RESPONSABLE DEL TRATAMIENTOEl Responsable del tratamiento es Alquienvas, S.L., domiciliada en calle Catalunya,425337 Bellcaire d\u2019Urgell, con CIF","inLanguage":"ca","potentialAction":[{"@type":"ReadAction","target":["https:\/\/alquienvas-smart.com\/ca\/politica-de-privacidad\/"]}]},{"@type":"WebSite","@id":"https:\/\/alquienvas-smart.com\/ca\/#website","url":"https:\/\/alquienvas-smart.com\/ca\/","name":"Alquienvas Smart","description":"Mobiliario Urbano Smart y Recogida Selectiva para Smart Cities","publisher":{"@id":"https:\/\/alquienvas-smart.com\/ca\/#organization"},"potentialAction":[{"@type":"SearchAction","target":{"@type":"EntryPoint","urlTemplate":"https:\/\/alquienvas-smart.com\/ca\/?s={search_term_string}"},"query-input":{"@type":"PropertyValueSpecification","valueRequired":true,"valueName":"search_term_string"}}],"inLanguage":"ca"},{"@type":"Organization","@id":"https:\/\/alquienvas-smart.com\/ca\/#organization","name":"Alquienvas Smart","url":"https:\/\/alquienvas-smart.com\/ca\/","logo":{"@type":"ImageObject","inLanguage":"ca","@id":"https:\/\/alquienvas-smart.com\/ca\/#\/schema\/logo\/image\/","url":"https:\/\/alquienvas-smart.com\/wp-content\/uploads\/cropped-LOGO-Alquienvasgroup.jpg","contentUrl":"https:\/\/alquienvas-smart.com\/wp-content\/uploads\/cropped-LOGO-Alquienvasgroup.jpg","width":795,"height":227,"caption":"Alquienvas Smart"},"image":{"@id":"https:\/\/alquienvas-smart.com\/ca\/#\/schema\/logo\/image\/"}}]}},"_links":{"self":[{"href":"https:\/\/alquienvas-smart.com\/ca\/wp-json\/wp\/v2\/pages\/876"}],"collection":[{"href":"https:\/\/alquienvas-smart.com\/ca\/wp-json\/wp\/v2\/pages"}],"about":[{"href":"https:\/\/alquienvas-smart.com\/ca\/wp-json\/wp\/v2\/types\/page"}],"author":[{"embeddable":true,"href":"https:\/\/alquienvas-smart.com\/ca\/wp-json\/wp\/v2\/users\/1"}],"replies":[{"embeddable":true,"href":"https:\/\/alquienvas-smart.com\/ca\/wp-json\/wp\/v2\/comments?post=876"}],"version-history":[{"count":16,"href":"https:\/\/alquienvas-smart.com\/ca\/wp-json\/wp\/v2\/pages\/876\/revisions"}],"predecessor-version":[{"id":5621,"href":"https:\/\/alquienvas-smart.com\/ca\/wp-json\/wp\/v2\/pages\/876\/revisions\/5621"}],"wp:attachment":[{"href":"https:\/\/alquienvas-smart.com\/ca\/wp-json\/wp\/v2\/media?parent=876"}],"curies":[{"name":"wp","href":"https:\/\/api.w.org\/{rel}","templated":true}]}}